{"id":806,"date":"2024-08-29T15:16:38","date_gmt":"2024-08-29T15:16:38","guid":{"rendered":"https:\/\/cmsplus.ro\/cssl\/?page_id=806"},"modified":"2024-08-29T15:16:38","modified_gmt":"2024-08-29T15:16:38","slug":"politique-de-cookies","status":"publish","type":"page","link":"https:\/\/cssl.lu\/index.php\/politique-de-cookies\/","title":{"rendered":"Politique de cookies"},"content":{"rendered":"<div class=\"fusion-fullwidth fullwidth-box fusion-builder-row-1 fusion-flex-container nonhundred-percent-fullwidth non-hundred-percent-height-scrolling\" style=\"--awb-border-radius-top-left:0px;--awb-border-radius-top-right:0px;--awb-border-radius-bottom-right:0px;--awb-border-radius-bottom-left:0px;--awb-flex-wrap:wrap;\" ><div class=\"fusion-builder-row fusion-row fusion-flex-align-items-flex-start fusion-flex-content-wrap\" style=\"max-width:1263.6px;margin-left: calc(-4% \/ 2 );margin-right: calc(-4% \/ 2 );\"><div class=\"fusion-layout-column fusion_builder_column fusion-builder-column-0 fusion_builder_column_1_1 1_1 fusion-flex-column\" style=\"--awb-bg-size:cover;--awb-width-large:100%;--awb-margin-top-large:0px;--awb-spacing-right-large:1.92%;--awb-margin-bottom-large:0px;--awb-spacing-left-large:1.92%;--awb-width-medium:100%;--awb-spacing-right-medium:1.92%;--awb-spacing-left-medium:1.92%;--awb-width-small:100%;--awb-spacing-right-small:1.92%;--awb-spacing-left-small:1.92%;\"><div class=\"fusion-column-wrapper fusion-flex-justify-content-flex-start fusion-content-layout-column\"><div class=\"fusion-text fusion-text-1\"><h3>POLITIQUE D&#8217;UTILISATION DES COOKIES<\/h3>\n<h4>1. QU&#8217;EST-CE QU&#8217;UN FICHIER COOKIE ET \u200b\u200bDANS QUEL FIN PEUT-IL \u00caTRE UTILIS\u00c9\u00a0?<\/h4>\n<p>Notre site Web utilise la technologie des cookies pour vous fournir un service Web meilleur et personnalis\u00e9. Les donn\u00e9es stock\u00e9es par les fichiers cookies ne pr\u00e9sentent jamais de donn\u00e9es personnelles sur la base desquelles une identit\u00e9 individuelle peut \u00eatre \u00e9tablie.<\/p>\n<p>Un cookie est un petit fichier texte qui est stock\u00e9 et\/ou lu par votre navigateur Web sur le disque dur de votre appareil final (par exemple ordinateur, ordinateur portable ou smartphone) en fonction des sites Web que vous visitez. Les cookies rendent \u00e9galement l&#8217;interaction avec le site plus s\u00fbre et plus rapide, car ils peuvent m\u00e9moriser vos pr\u00e9f\u00e9rences (par exemple : identifiant, langue), en renvoyant les informations qu&#8217;ils contiennent au site d&#8217;origine (cookie de premi\u00e8re partie) ou \u00e0 un autre site Web auquel ils appartiennent. (&gt; cookie tiers), lorsque vous visitez \u00e0 nouveau ce site Web en utilisant le m\u00eame appareil final.<\/p>\n<h4>2. COMMENT POUVEZ-VOUS CONTR\u00d4LER LES FICHIERS COOKIES\u00a0?<\/h4>\n<p>Vous pouvez retirer votre consentement aux cookies \u00e0 tout moment. \u00c0 cette fin, vous pouvez bloquer ou supprimer les cookies soit via les param\u00e8tres de votre navigateur Web, soit en utilisant un logiciel fourni par des tiers, soit en suivant les instructions sp\u00e9cifiques aux cat\u00e9gories de cookies dans les sections suivantes. Dans tous les cas, vous pourriez rencontrer des probl\u00e8mes lors de l&#8217;utilisation de certaines parties du site si vous d\u00e9sactivez les cookies. Si vous souhaitez supprimer les cookies stock\u00e9s sur vos appareils et configurer votre navigateur Web pour refuser les cookies, vous pouvez utiliser les param\u00e8tres de pr\u00e9f\u00e9rences de navigation de votre navigateur Web li\u00e9s aux fichiers cookies qui se trouvent dans les \u00ab Options \u00bb, \u00ab Outils \u00bb ou \u00ab . Menus \u00ab\u00a0Pr\u00e9f\u00e9rences\u00a0\u00bb du navigateur Web que vous utilisez pour acc\u00e9der au site. En fonction des navigateurs internet existants, diff\u00e9rents moyens peuvent \u00eatre utilis\u00e9s pour d\u00e9sactiver les cookies. Pour obtenir plus d\u2019informations, veuillez visiter le site Web dans vos navigateurs\u00a0:<br \/>\nParam\u00e8tres des cookies dans Internet Explorer &#8211; Internet Explorer<br \/>\nParam\u00e8tres des cookies dans Firefox &#8211; Firefox<br \/>\nParam\u00e8tres des cookies dans Chrome &#8211; Chrome<br \/>\nParam\u00e8tres des cookies dans Safari &#8211; Safari<br \/>\nParam\u00e8tres des cookies dans Edge &#8211; Edge<br \/>\nParam\u00e8tres des cookies dans Opera &#8211; Opera<br \/>\nPour en savoir plus sur les cookies, consultez www.allaboutcookies.org ou www.youronlinechoices.eu &#8211; ils contiennent des informations suppl\u00e9mentaires sur la publicit\u00e9 comportementale et la confidentialit\u00e9 en ligne.<\/p>\n<h4>3. FICHIERS COOKIES UTILIS\u00c9S SUR LE SITE www.cssl.ro<\/h4>\n<p>En fonction de la fonction et de la finalit\u00e9 pour lesquelles les fichiers cookies sont utilis\u00e9s, ils sont class\u00e9s dans les grandes cat\u00e9gories suivantes, que l&#8217;agence TMT utilise sur son site Internet :<br \/>\nCookies strictement n\u00e9cessaires \u2013 vous permettent de naviguer sur le site et d&#8217;utiliser ses fonctions de base. Ils ne sont g\u00e9n\u00e9ralement install\u00e9s qu\u2019en r\u00e9ponse \u00e0 des actions entreprises par vous qui \u00e9quivalent \u00e0 une demande de service. Ces cookies sont indispensables \u00e0 l&#8217;utilisation des sites Internet.<br \/>\nCookies de fonctionnalit\u00e9 \u2013 sont utilis\u00e9s pour vous reconna\u00eetre lorsque vous revenez sur notre site et nous permettent de vous fournir des fonctionnalit\u00e9s am\u00e9lior\u00e9es et plus personnalis\u00e9es, telles que la m\u00e9morisation de vos pr\u00e9f\u00e9rences. Ces cookies collectent des informations anonymes et ne peuvent pas suivre votre navigation sur d&#8217;autres sites Web. La dur\u00e9e d&#8217;expiration de ces fichiers cookies est de 2 ans maximum.<br \/>\nCookies d&#8217;analyse et de performance \u2013 nous permettent de reconna\u00eetre, de compter les utilisateurs et de collecter des informations sur la fa\u00e7on dont le site est utilis\u00e9 (par exemple\u00a0: les pages qu&#8217;un utilisateur ouvre le plus souvent et si l&#8217;utilisateur re\u00e7oit des messages d&#8217;erreur sur certaines pages). Cela nous aide \u00e0 am\u00e9liorer le fonctionnement de notre site Web, par exemple en nous assurant que vous pouvez trouver facilement ce que vous recherchez. La dur\u00e9e d&#8217;expiration de ces fichiers cookies est de 2 ans maximum. Concernant les cookies tiers, le d\u00e9lai d&#8217;expiration peut varier et dans certains cas peut d\u00e9passer 2 ans. Pour plus de d\u00e9tails sur cette cat\u00e9gorie de cookies, voir la section 4 ci-dessous.<br \/>\nCookies de marketing et de ciblage \u2013 enregistrent votre visite sur notre site Web, les pages que vous avez visit\u00e9es et les liens auxquels vous avez acc\u00e9d\u00e9. Nous utiliserons ces informations pour proposer des publicit\u00e9s plus adapt\u00e9es \u00e0 vos int\u00e9r\u00eats. Elles sont \u00e9galement utilis\u00e9es pour limiter la fr\u00e9quence \u00e0 laquelle vous pouvez voir une publicit\u00e9 et pour aider \u00e0 mesurer l&#8217;efficacit\u00e9 des campagnes publicitaires. Nous pouvons partager ces informations avec des tiers (tels que des annonceurs). La p\u00e9riode d&#8217;expiration de ces cookies est de 2 ans maximum. Concernant les cookies tiers, le d\u00e9lai d&#8217;expiration peut varier, d\u00e9passant 2 ans. Pour plus de d\u00e9tails sur cette cat\u00e9gorie de cookies, voir les sections 4 et 5 ci-dessous.<br \/>\nCookies de r\u00e9seaux sociaux \u2013 vous permettent de partager votre activit\u00e9 sur les r\u00e9seaux sociaux sur le site. Ces fichiers cookies ne sont pas contr\u00f4l\u00e9s par l&#8217;Agence TMT. Pour plus de d\u00e9tails sur cette cat\u00e9gorie de cookies, voir la section 5 ci-dessous.<br \/>\nAutres types de fichiers cookies pouvant \u00eatre utilis\u00e9s \u00e0 tout moment. Nous vous informerons via nos politiques mises \u00e0 jour si d&#8217;autres types de cookies seront utilis\u00e9s.<br \/>\nVeuillez noter que TMT Agency utilise les services de tiers pour obtenir des informations sur votre exp\u00e9rience avec le site et pour l&#8217;am\u00e9liorer. Ces tiers (y compris les agences de publicit\u00e9 peuvent utiliser des cookies, sur lesquels nous n&#8217;avons aucun contr\u00f4le).<\/p>\n<h4>4. COOKIES UTILIS\u00c9S \u00c0 DES FINS STATISTIQUES ET DE SUIVI DES PERFORMANCES EN LIGNE<\/h4>\n<p>Google\u00a0Analytics<\/p>\n<p>Notre site Web utilise Google Analytics, un outil fourni par Google, gr\u00e2ce auquel l&#8217;interaction des utilisateurs avec le site Web peut \u00eatre analys\u00e9e. Google Analytics utilise des cookies pour aider un site Web particulier \u00e0 analyser la mani\u00e8re dont les utilisateurs l&#8217;utilisent. Les informations g\u00e9n\u00e9r\u00e9es par les fichiers cookies seront transmises et stock\u00e9es par Google sur des serveurs pouvant \u00eatre situ\u00e9s dans l&#8217;UE, l&#8217;EEE et\/ou aux \u00c9tats-Unis. Google utilisera ces informations dans le but d&#8217;\u00e9valuer votre utilisation du site Web et d&#8217;\u00e9tablir divers rapports. Google peut \u00e9galement transmettre ces informations \u00e0 des tiers si la loi l&#8217;exige ou si ces tiers traitent les informations pour le compte de Google. Google n&#8217;associera pas votre adresse IP \u00e0 aucune autre donn\u00e9e qu&#8217;elle d\u00e9tient.<\/p>\n<p>Des informations d\u00e9taill\u00e9es sur Google Analytics et la protection des donn\u00e9es personnelles (y compris la mani\u00e8re dont vous pouvez contr\u00f4ler les informations envoy\u00e9es \u00e0 Google) sont disponibles \u00e0 l&#8217;adresse\u00a0: <a href=\"https:\/\/policies.google.com\/privacy\/partners\"> https\u00a0: \/\/policies.google.com\/privacy\/partners<\/a>.<\/p>\n<p>Pour emp\u00eacher le suivi par ce type de cookie, vous pouvez installer un compl\u00e9ment sur votre navigateur Web (<a href=\"http:\/\/tools.google.com\/dlpage\/gaoptout\">http:\/\/tools.google. com \/dlpage\/gaoptout<\/a>).<\/p>\n<h4>5. COOKIES DE R\u00c9SEAUX SOCIAUX<\/h4>\n<p>Le site peut placer ses propres cookies afin de suivre les performances des plateformes ou de personnaliser ces plateformes ou fonctionnalit\u00e9s. Par exemple, lorsque vous partagez un article \u00e0 l\u2019aide d\u2019un bouton de partage de r\u00e9seau social disponible sur le Site, la plateforme de r\u00e9seau social associ\u00e9e \u00e0 ce bouton l\u2019enregistrera. Sur certains sites, il peut y avoir du contenu int\u00e9gr\u00e9, par exemple\u00a0: du contenu vid\u00e9o de tiers tels que YouTube, et dans ce cas, ces tiers peuvent \u00e0 leur tour placer leurs propres fichiers cookies. De plus, les fichiers cookies ne sont pas accessibles par l&#8217;Agence TMT. pour des performances accrues suite \u00e0 la r\u00e9alisation de campagnes sur diverses plateformes de m\u00e9dias sociaux (exemple\u00a0: sur la plateforme Facebook &#8211; pour suivre davantage d&#8217;ensembles de donn\u00e9es et augmenter les performances des campagnes, il est n\u00e9cessaire d&#8217;impl\u00e9menter le pixel Facebook sur le site Web &#8211; plus d&#8217;informations peuvent \u00eatre trouv\u00e9es \u00e0 l&#8217;adresse Web suivante\u00a0: <a href=\"https:\/\/www.facebook.com\/business\/help\/471978536642445?id=1205376682832142\">https:\/ \/www.facebook.com\/business\/help\/471978536642445?id= 1205376682832142<\/a><\/p>\n<\/div><\/div><\/div><\/div><\/div>\n","protected":false},"excerpt":{"rendered":"","protected":false},"author":1,"featured_media":0,"parent":0,"menu_order":0,"comment_status":"closed","ping_status":"open","template":"","meta":{"footnotes":""},"yst_prominent_words":[],"class_list":["post-806","page","type-page","status-publish","hentry"],"_links":{"self":[{"href":"https:\/\/cssl.lu\/index.php\/wp-json\/wp\/v2\/pages\/806"}],"collection":[{"href":"https:\/\/cssl.lu\/index.php\/wp-json\/wp\/v2\/pages"}],"about":[{"href":"https:\/\/cssl.lu\/index.php\/wp-json\/wp\/v2\/types\/page"}],"author":[{"embeddable":true,"href":"https:\/\/cssl.lu\/index.php\/wp-json\/wp\/v2\/users\/1"}],"replies":[{"embeddable":true,"href":"https:\/\/cssl.lu\/index.php\/wp-json\/wp\/v2\/comments?post=806"}],"version-history":[{"count":1,"href":"https:\/\/cssl.lu\/index.php\/wp-json\/wp\/v2\/pages\/806\/revisions"}],"predecessor-version":[{"id":807,"href":"https:\/\/cssl.lu\/index.php\/wp-json\/wp\/v2\/pages\/806\/revisions\/807"}],"wp:attachment":[{"href":"https:\/\/cssl.lu\/index.php\/wp-json\/wp\/v2\/media?parent=806"}],"wp:term":[{"taxonomy":"yst_prominent_words","embeddable":true,"href":"https:\/\/cssl.lu\/index.php\/wp-json\/wp\/v2\/yst_prominent_words?post=806"}],"curies":[{"name":"wp","href":"https:\/\/api.w.org\/{rel}","templated":true}]}}